{"id":2,"date":"2007-09-19T10:04:40","date_gmt":"2007-09-19T08:04:40","guid":{"rendered":"http:\/\/www.iwanowski.de\/blog\/impressum"},"modified":"2017-09-19T17:30:37","modified_gmt":"2017-09-19T15:30:37","slug":"impressum","status":"publish","type":"page","link":"https:\/\/www.iwanowski.de\/blog\/impressum\/","title":{"rendered":"Impressum"},"content":{"rendered":"<p>\u00a9 Vertrieb und Service, Reisebuchverlag, Reisevermittlung, Im- und Export Iwanowski GmbH<\/p>\n<p>Salm-Reifferscheidt-Allee 37<br \/>\n41540 Dormagen<\/p>\n<p>Telefon: (+49) 2133 \/ 2603-0<br \/>\nFax: (+49) 2133 \/ 2603-34<br \/>\nE-Mail: info@iwanowski.de<br \/>\nInternet: https:\/\/www.iwanowski.de<\/p>\n<p>Gesch\u00e4ftsf\u00fchrerin: Ursula Iwanowski<br \/>\nHandelsregister: HRG Neuss 5233<br \/>\nUmsatzsteuer-Ident-Nr.: DE 114\/5857\/4218<br \/>\nVerantwortlicher im Sinne des Presserechts: Michael Iwanowski<\/p>\n<p>Webdesign &amp; Idee: awato Software GmbH, Dormagen<\/p>\n<p>Technisches Konzept &amp; Umsetzung: awato Software GmbH, Dormagen<\/p>\n<p>Alle Informationen in diesem Internetangebot sind mit gr\u00f6\u00dfter Sorgfalt gesammelt und von der Redaktion des Verlages gewissenhaft bearbeitet und \u00fcberpr\u00fcft worden. Da inhaltliche und sachliche Fehler nicht ausgeschlossen werden k\u00f6nnen, erkl\u00e4rt der Verlag, dass alle Angaben im Sinne der Produkthaftung ohne Garantie erfolgen und dass der Verlag keinerlei Verantwortung und Haftung f\u00fcr inhaltliche und sachliche Fehler \u00fcbernimmt.<\/p>\n<p><strong>Wir distanzieren uns ausdr\u00fccklich von allen Inhalten aller extern gelinkten Seiten auf dieser Webseite. Diese Erkl\u00e4rung gilt f\u00fcr alle auf dieser Webseite angebrachten externen Links.<\/strong><\/p>","protected":false},"excerpt":{"rendered":"<p>\u00a9 Vertrieb und Service, Reisebuchverlag, Reisevermittlung, Im- und Export Iwanowski GmbH Salm-Reifferscheidt-Allee 37 41540 Dormagen Telefon: (+49) 2133 \/ 2603-0 Fax: (+49) 2133 \/ 2603-34 E-Mail: info@iwanowski.de Internet: https:\/\/www.iwanowski.de Gesch\u00e4ftsf\u00fchrerin: Ursula Iwanowski Handelsregister: HRG Neuss 5233 Umsatzsteuer-Ident-Nr.: DE 114\/5857\/4218 Verantwortlicher im Sinne des Presserechts: Michael&hellip; <a class=\"read-more\" href=\"https:\/\/www.iwanowski.de\/blog\/impressum\/\" data-wpel-link=\"internal\">Weiterlesen<\/a><\/p>\n","protected":false},"author":1,"featured_media":0,"parent":0,"menu_order":0,"comment_status":"open","ping_status":"open","template":"","meta":{"ngg_post_thumbnail":0,"footnotes":""},"class_list":["post-2","page","type-page","status-publish","hentry"],"_links":{"self":[{"href":"https:\/\/www.iwanowski.de\/blog\/wp-json\/wp\/v2\/pages\/2","targetHints":{"allow":["GET"]}}],"collection":[{"href":"https:\/\/www.iwanowski.de\/blog\/wp-json\/wp\/v2\/pages"}],"about":[{"href":"https:\/\/www.iwanowski.de\/blog\/wp-json\/wp\/v2\/types\/page"}],"author":[{"embeddable":true,"href":"https:\/\/www.iwanowski.de\/blog\/wp-json\/wp\/v2\/users\/1"}],"replies":[{"embeddable":true,"href":"https:\/\/www.iwanowski.de\/blog\/wp-json\/wp\/v2\/comments?post=2"}],"version-history":[{"count":9,"href":"https:\/\/www.iwanowski.de\/blog\/wp-json\/wp\/v2\/pages\/2\/revisions"}],"predecessor-version":[{"id":24882,"href":"https:\/\/www.iwanowski.de\/blog\/wp-json\/wp\/v2\/pages\/2\/revisions\/24882"}],"wp:attachment":[{"href":"https:\/\/www.iwanowski.de\/blog\/wp-json\/wp\/v2\/media?parent=2"}],"curies":[{"name":"wp","href":"https:\/\/api.w.org\/{rel}","templated":true}]}}